{"id":801,"date":"2023-08-24T15:39:28","date_gmt":"2023-08-24T13:39:28","guid":{"rendered":"https:\/\/floratop.pl\/?page_id=801"},"modified":"2025-10-21T19:38:26","modified_gmt":"2025-10-21T17:38:26","slug":"o-nas-polski","status":"publish","type":"page","link":"https:\/\/floratop.pl\/","title":{"rendered":"O nas &#8211; Polski"},"content":{"rendered":"\t\t<div data-elementor-type=\"wp-page\" data-elementor-id=\"801\" class=\"elementor elementor-801\" data-elementor-post-type=\"page\">\n\t\t\t\t\t\t<section class=\"elementor-section elementor-top-section elementor-element elementor-element-913af59 elementor-section-boxed elementor-section-height-default elementor-section-height-default\" data-id=\"913af59\" data-element_type=\"section\" data-e-type=\"section\">\n\t\t\t\t\t\t<div class=\"elementor-container elementor-column-gap-default\">\n\t\t\t\t\t<div class=\"elementor-column elementor-col-100 elementor-top-column elementor-element elementor-element-a5bb7c9\" data-id=\"a5bb7c9\" data-element_type=\"column\" data-e-type=\"column\">\n\t\t\t<div class=\"elementor-widget-wrap elementor-element-populated\">\n\t\t\t\t\t\t<div class=\"elementor-element elementor-element-7638f37 elementor-widget elementor-widget-text-editor\" data-id=\"7638f37\" data-element_type=\"widget\" data-e-type=\"widget\" data-widget_type=\"text-editor.default\">\n\t\t\t\t<div class=\"elementor-widget-container\">\n\t\t\t\t\t\t\t\t\t<h3 style=\"text-align: center;\"><span lang=\"CS\">Szk\u00f3\u0142ka ro\u015blin ozdobnych <\/span><\/h3>\n<h3 style=\"text-align: center;\"><span lang=\"CS\">Zajmujemy si\u0119 produkcj\u0105 m\u0142odego materia\u0142u ro\u015blinnego.<br><\/span><\/h3>\n<h3 style=\"text-align: center;\"><span lang=\"CS\">Wi\u0119kszo\u015b\u0107 oferowanych sadzonek sprzedajemy w doniczkach P9, P13 oraz C2.<br><\/span><\/h3>\n<h3 style=\"text-align: center;\"><span lang=\"CS\">Prowadzimy sprzeda\u017c hurtowa oraz detaliczn\u0105 wysy\u0142kow\u0105.<br><\/span><\/h3>\n<h3 style=\"text-align: center;\"><span lang=\"CS\">Ro\u015bliny uprawiamy na powierzchni 12000 m2 z czego pod os\u0142onami znajduje si\u0119 5500 m2.<br><\/span><\/h3>\n<h3 style=\"text-align: center;\"><span lang=\"CS\">Zapraszamy do wsp\u00f3\u0142pracy.<br><\/span><\/h3>\n<h3 style=\"text-align: center;\"><span lang=\"CS\">Telefon kontaktowy: +48 605-388-475 (polski)<\/span><\/h3>\n<h3 style=\"text-align: center;\"><br><\/h3>\n<div>&nbsp;<\/div>\n<div>&nbsp;<\/div>\t\t\t\t\t\t\t\t<\/div>\n\t\t\t\t<\/div>\n\t\t\t\t\t<\/div>\n\t\t<\/div>\n\t\t\t\t\t<\/div>\n\t\t<\/section>\n\t\t\t\t<\/div>\n\t\t","protected":false},"excerpt":{"rendered":"<p>Szk\u00f3\u0142ka ro\u015blin ozdobnych Zajmujemy si\u0119 produkcj\u0105 m\u0142odego materia\u0142u ro\u015blinnego. Wi\u0119kszo\u015b\u0107 oferowanych sadzonek sprzedajemy w doniczkach P9, P13 oraz C2. Prowadzimy sprzeda\u017c hurtowa oraz detaliczn\u0105 wysy\u0142kow\u0105. [&hellip;]<\/p>\n","protected":false},"author":1,"featured_media":0,"parent":0,"menu_order":0,"comment_status":"closed","ping_status":"closed","template":"","meta":{"footnotes":""},"class_list":["post-801","page","type-page","status-publish","hentry"],"_links":{"self":[{"href":"https:\/\/floratop.pl\/index.php?rest_route=\/wp\/v2\/pages\/801","targetHints":{"allow":["GET"]}}],"collection":[{"href":"https:\/\/floratop.pl\/index.php?rest_route=\/wp\/v2\/pages"}],"about":[{"href":"https:\/\/floratop.pl\/index.php?rest_route=\/wp\/v2\/types\/page"}],"author":[{"embeddable":true,"href":"https:\/\/floratop.pl\/index.php?rest_route=\/wp\/v2\/users\/1"}],"replies":[{"embeddable":true,"href":"https:\/\/floratop.pl\/index.php?rest_route=%2Fwp%2Fv2%2Fcomments&post=801"}],"version-history":[{"count":9,"href":"https:\/\/floratop.pl\/index.php?rest_route=\/wp\/v2\/pages\/801\/revisions"}],"predecessor-version":[{"id":829,"href":"https:\/\/floratop.pl\/index.php?rest_route=\/wp\/v2\/pages\/801\/revisions\/829"}],"wp:attachment":[{"href":"https:\/\/floratop.pl\/index.php?rest_route=%2Fwp%2Fv2%2Fmedia&parent=801"}],"curies":[{"name":"wp","href":"https:\/\/api.w.org\/{rel}","templated":true}]}}