{"id":775,"date":"2023-03-05T21:36:04","date_gmt":"2023-03-05T20:36:04","guid":{"rendered":"https:\/\/floratop.pl\/?page_id=775"},"modified":"2025-10-21T20:45:50","modified_gmt":"2025-10-21T18:45:50","slug":"o-nas-deutsch","status":"publish","type":"page","link":"https:\/\/floratop.pl\/?page_id=775&lang=de","title":{"rendered":"O nas &#8211; Deutsch"},"content":{"rendered":"\t\t<div data-elementor-type=\"wp-page\" data-elementor-id=\"775\" class=\"elementor elementor-775\" data-elementor-post-type=\"page\">\n\t\t\t\t\t\t<section class=\"elementor-section elementor-top-section elementor-element elementor-element-3e3ca38 elementor-section-boxed elementor-section-height-default elementor-section-height-default\" data-id=\"3e3ca38\" data-element_type=\"section\" data-e-type=\"section\">\n\t\t\t\t\t\t<div class=\"elementor-container elementor-column-gap-default\">\n\t\t\t\t\t<div class=\"elementor-column elementor-col-100 elementor-top-column elementor-element elementor-element-5ee50d9\" data-id=\"5ee50d9\" data-element_type=\"column\" data-e-type=\"column\">\n\t\t\t<div class=\"elementor-widget-wrap elementor-element-populated\">\n\t\t\t\t\t\t<div class=\"elementor-element elementor-element-dc64ae6 elementor-widget elementor-widget-text-editor\" data-id=\"dc64ae6\" data-element_type=\"widget\" data-e-type=\"widget\" data-widget_type=\"text-editor.default\">\n\t\t\t\t<div class=\"elementor-widget-container\">\n\t\t\t\t\t\t\t\t\t<p><strong>Zierpflanzen-G\u00e4rtnerei<\/strong><br>Wir sind auf die Produktion von jungem Pflanzenmaterial spezialisiert. Die meisten unserer angebotenen Setzlinge verkaufen wir in T\u00f6pfen der Gr\u00f6\u00dfen P9, P13 und C2.&nbsp; &nbsp; &nbsp; &nbsp; Wir bieten Gro\u00df- und Einzelhandel mit Versand an.<br>Unsere Pflanzen werden auf einer Fl\u00e4che von 12.000 m\u00b2 angebaut, davon befinden sich 5.500 m\u00b2 unter Folie bzw. Gew\u00e4chshaus.<br>Wir freuen uns auf eine Zusammenarbeit mit Ihnen.<\/p><p><br>Kontakttelefon:&nbsp;<br>+48 500-336-562 (Englisch, Tschechisch)<\/p>\t\t\t\t\t\t\t\t<\/div>\n\t\t\t\t<\/div>\n\t\t\t\t\t<\/div>\n\t\t<\/div>\n\t\t\t\t\t<\/div>\n\t\t<\/section>\n\t\t\t\t<\/div>\n\t\t","protected":false},"excerpt":{"rendered":"<p>Zierpflanzen-G\u00e4rtnereiWir sind auf die Produktion von jungem Pflanzenmaterial spezialisiert. Die meisten unserer angebotenen Setzlinge verkaufen wir in T\u00f6pfen der Gr\u00f6\u00dfen P9, P13 und C2.&nbsp; &nbsp; [&hellip;]<\/p>\n","protected":false},"author":1,"featured_media":0,"parent":0,"menu_order":0,"comment_status":"closed","ping_status":"closed","template":"","meta":{"footnotes":""},"class_list":["post-775","page","type-page","status-publish","hentry"],"_links":{"self":[{"href":"https:\/\/floratop.pl\/index.php?rest_route=\/wp\/v2\/pages\/775","targetHints":{"allow":["GET"]}}],"collection":[{"href":"https:\/\/floratop.pl\/index.php?rest_route=\/wp\/v2\/pages"}],"about":[{"href":"https:\/\/floratop.pl\/index.php?rest_route=\/wp\/v2\/types\/page"}],"author":[{"embeddable":true,"href":"https:\/\/floratop.pl\/index.php?rest_route=\/wp\/v2\/users\/1"}],"replies":[{"embeddable":true,"href":"https:\/\/floratop.pl\/index.php?rest_route=%2Fwp%2Fv2%2Fcomments&post=775"}],"version-history":[{"count":6,"href":"https:\/\/floratop.pl\/index.php?rest_route=\/wp\/v2\/pages\/775\/revisions"}],"predecessor-version":[{"id":838,"href":"https:\/\/floratop.pl\/index.php?rest_route=\/wp\/v2\/pages\/775\/revisions\/838"}],"wp:attachment":[{"href":"https:\/\/floratop.pl\/index.php?rest_route=%2Fwp%2Fv2%2Fmedia&parent=775"}],"curies":[{"name":"wp","href":"https:\/\/api.w.org\/{rel}","templated":true}]}}