{"id":774,"date":"2023-03-05T21:36:04","date_gmt":"2023-03-05T20:36:04","guid":{"rendered":"https:\/\/floratop.pl\/?page_id=774"},"modified":"2025-10-21T20:47:59","modified_gmt":"2025-10-21T18:47:59","slug":"o-nas-cestina","status":"publish","type":"page","link":"https:\/\/floratop.pl\/?page_id=774&lang=cs","title":{"rendered":"O nas &#8211; \u010ce\u0161tina"},"content":{"rendered":"\t\t<div data-elementor-type=\"wp-page\" data-elementor-id=\"774\" class=\"elementor elementor-774\" data-elementor-post-type=\"page\">\n\t\t\t\t\t\t<section class=\"elementor-section elementor-top-section elementor-element elementor-element-6b187b3 elementor-section-boxed elementor-section-height-default elementor-section-height-default\" data-id=\"6b187b3\" data-element_type=\"section\" data-e-type=\"section\">\n\t\t\t\t\t\t<div class=\"elementor-container elementor-column-gap-default\">\n\t\t\t\t\t<div class=\"elementor-column elementor-col-100 elementor-top-column elementor-element elementor-element-e342f47\" data-id=\"e342f47\" data-element_type=\"column\" data-e-type=\"column\">\n\t\t\t<div class=\"elementor-widget-wrap elementor-element-populated\">\n\t\t\t\t\t\t<div class=\"elementor-element elementor-element-01200f1 elementor-widget elementor-widget-text-editor\" data-id=\"01200f1\" data-element_type=\"widget\" data-e-type=\"widget\" data-widget_type=\"text-editor.default\">\n\t\t\t\t<div class=\"elementor-widget-container\">\n\t\t\t\t\t\t\t\t\t<p><strong>\u0160kolka okrasn\u00fdch rostlin<\/strong><br \/>Zab\u00fdv\u00e1me se produkc\u00ed mlad\u00e9ho rostlinn\u00e9ho materi\u00e1lu. V\u011bt\u0161inu nab\u00edzen\u00fdch sazenic prod\u00e1v\u00e1me v kv\u011btin\u00e1\u010d\u00edch P9, P13 a C2.<\/p><p>\u00a0Nab\u00edz\u00edme velkoobchodn\u00ed i maloobchodn\u00ed prodej s mo\u017enost\u00ed zasl\u00e1n\u00ed po\u0161tou.<br \/>Rostliny p\u011bstujeme na plo\u0161e 12 000 m\u00b2, z toho 5 500 m\u00b2 je pod krytem.<br \/>T\u011b\u0161\u00edme se na spolupr\u00e1ci.<\/p><p>Kontaktn\u00ed telefon:\u00a0<br \/>+48 500-336-562 (anglicky, \u010desky)<\/p>\t\t\t\t\t\t\t\t<\/div>\n\t\t\t\t<\/div>\n\t\t\t\t\t<\/div>\n\t\t<\/div>\n\t\t\t\t\t<\/div>\n\t\t<\/section>\n\t\t\t\t<\/div>\n\t\t","protected":false},"excerpt":{"rendered":"<p>\u0160kolka okrasn\u00fdch rostlinZab\u00fdv\u00e1me se produkc\u00ed mlad\u00e9ho rostlinn\u00e9ho materi\u00e1lu. V\u011bt\u0161inu nab\u00edzen\u00fdch sazenic prod\u00e1v\u00e1me v kv\u011btin\u00e1\u010d\u00edch P9, P13 a C2. \u00a0Nab\u00edz\u00edme velkoobchodn\u00ed i maloobchodn\u00ed prodej s mo\u017enost\u00ed [&hellip;]<\/p>\n","protected":false},"author":1,"featured_media":0,"parent":0,"menu_order":0,"comment_status":"closed","ping_status":"closed","template":"","meta":{"footnotes":""},"class_list":["post-774","page","type-page","status-publish","hentry"],"_links":{"self":[{"href":"https:\/\/floratop.pl\/index.php?rest_route=\/wp\/v2\/pages\/774","targetHints":{"allow":["GET"]}}],"collection":[{"href":"https:\/\/floratop.pl\/index.php?rest_route=\/wp\/v2\/pages"}],"about":[{"href":"https:\/\/floratop.pl\/index.php?rest_route=\/wp\/v2\/types\/page"}],"author":[{"embeddable":true,"href":"https:\/\/floratop.pl\/index.php?rest_route=\/wp\/v2\/users\/1"}],"replies":[{"embeddable":true,"href":"https:\/\/floratop.pl\/index.php?rest_route=%2Fwp%2Fv2%2Fcomments&post=774"}],"version-history":[{"count":6,"href":"https:\/\/floratop.pl\/index.php?rest_route=\/wp\/v2\/pages\/774\/revisions"}],"predecessor-version":[{"id":841,"href":"https:\/\/floratop.pl\/index.php?rest_route=\/wp\/v2\/pages\/774\/revisions\/841"}],"wp:attachment":[{"href":"https:\/\/floratop.pl\/index.php?rest_route=%2Fwp%2Fv2%2Fmedia&parent=774"}],"curies":[{"name":"wp","href":"https:\/\/api.w.org\/{rel}","templated":true}]}}