{"id":584,"date":"2022-02-21T16:03:57","date_gmt":"2022-02-21T15:03:57","guid":{"rendered":"https:\/\/floratop.pl\/?page_id=584"},"modified":"2022-02-24T13:33:40","modified_gmt":"2022-02-24T12:33:40","slug":"rejestracja","status":"publish","type":"page","link":"https:\/\/floratop.pl\/?page_id=584&lang=en","title":{"rendered":"Rejestracja"},"content":{"rendered":"\t\t<div data-elementor-type=\"wp-page\" data-elementor-id=\"584\" class=\"elementor elementor-584\" data-elementor-post-type=\"page\">\n\t\t\t\t\t\t<section class=\"elementor-section elementor-top-section elementor-element elementor-element-d4e0d75 elementor-section-boxed elementor-section-height-default elementor-section-height-default\" data-id=\"d4e0d75\" data-element_type=\"section\" data-e-type=\"section\">\n\t\t\t\t\t\t<div class=\"elementor-container elementor-column-gap-default\">\n\t\t\t\t\t<div class=\"elementor-column elementor-col-33 elementor-top-column elementor-element elementor-element-9aba9e4\" data-id=\"9aba9e4\" data-element_type=\"column\" data-e-type=\"column\">\n\t\t\t<div class=\"elementor-widget-wrap\">\n\t\t\t\t\t\t\t<\/div>\n\t\t<\/div>\n\t\t\t\t<div class=\"elementor-column elementor-col-33 elementor-top-column elementor-element elementor-element-1b4efcb\" data-id=\"1b4efcb\" data-element_type=\"column\" data-e-type=\"column\">\n\t\t\t<div class=\"elementor-widget-wrap elementor-element-populated\">\n\t\t\t\t\t\t<div class=\"elementor-element elementor-element-0ed55d1 elementor-widget elementor-widget-heading\" data-id=\"0ed55d1\" data-element_type=\"widget\" data-e-type=\"widget\" data-widget_type=\"heading.default\">\n\t\t\t\t<div class=\"elementor-widget-container\">\n\t\t\t\t\t<h2 class=\"elementor-heading-title elementor-size-default\">REJESTRACJA<\/h2>\t\t\t\t<\/div>\n\t\t\t\t<\/div>\n\t\t\t\t\t<\/div>\n\t\t<\/div>\n\t\t\t\t<div class=\"elementor-column elementor-col-33 elementor-top-column elementor-element elementor-element-4d07541\" data-id=\"4d07541\" data-element_type=\"column\" data-e-type=\"column\">\n\t\t\t<div class=\"elementor-widget-wrap\">\n\t\t\t\t\t\t\t<\/div>\n\t\t<\/div>\n\t\t\t\t\t<\/div>\n\t\t<\/section>\n\t\t\t\t<section class=\"elementor-section elementor-top-section elementor-element elementor-element-6ac7185 elementor-section-boxed elementor-section-height-default elementor-section-height-default\" data-id=\"6ac7185\" data-element_type=\"section\" data-e-type=\"section\">\n\t\t\t\t\t\t<div class=\"elementor-container elementor-column-gap-default\">\n\t\t\t\t\t<div class=\"elementor-column elementor-col-100 elementor-top-column elementor-element elementor-element-e0e8b04\" data-id=\"e0e8b04\" data-element_type=\"column\" data-e-type=\"column\">\n\t\t\t<div class=\"elementor-widget-wrap elementor-element-populated\">\n\t\t\t\t\t\t<div class=\"elementor-element elementor-element-96a2851 elementor-widget elementor-widget-text-editor\" data-id=\"96a2851\" data-element_type=\"widget\" data-e-type=\"widget\" data-widget_type=\"text-editor.default\">\n\t\t\t\t<div class=\"elementor-widget-container\">\n\t\t\t\t\t\t\t\t\t<p>\u00a0<\/p><p>Rejestruj\u0105c si\u0119 wyra\u017casz zgod\u0119 na:<\/p><p>a) Otrzymywanie informacji handlowych<\/p><p>b) Korzystaj\u0105c z serwisu www i funkcji udost\u0119pnionych przez Operatora U\u017cytkownik wyra\u017ca zgod\u0119 na postanowienia zawarte w Polityce Prywatno\u015bci.<\/p><p>c) Operator zastrzega sobie prawo do wprowadzania zmian w niniejszej Polityce Prywatno\u015bci, z tym zastrze\u017ceniem, \u017ce zmiany te nie wp\u0142yn\u0105 negatywnie na przetwarzanie danych U\u017cytkownik\u00f3w.<\/p><p>d) Termin \u201eRODO\u201d oznacza Rozporz\u0105dzenie Parlamentu Europejskiego i Rady (UE) 2016\/679 z dnia 27 kwietnia 2016 r. w sprawie ochrony os\u00f3b fizycznych w zwi\u0105zku z przetwarzaniem danych osobowych i w sprawie swobodnego przep\u0142ywu takich danych oraz uchylenia dyrektywy 95\/46\/WE.<\/p><p>e) Newsletter to wiadomo\u015b\u0107 elektroniczna dostarczona w zwi\u0105zku z tematyk\u0105 strony internetowej Szk\u00f3\u0142ka Ro\u015blin Ozdobnych Kinga Rybus , kt\u00f3ra zawiera informacj\u0119 promocyjn\u0105, handlow\u0105, edukacyjn\u0105 lub informacyjn\u0105, a na kt\u00f3rej otrzymywanie U\u017cytkownik wyrazi\u0142 zgod\u0119 poprzez rejestracj\u0119 w Serwisie Operatora potwierdzaj\u0105c podanie swojego adresu e-mail oraz numeru telefonu. U\u017cytkownik w ka\u017cdej chwili mo\u017ce zrezygnowa\u0107 z otrzymywania Newslettera<\/p>\t\t\t\t\t\t\t\t<\/div>\n\t\t\t\t<\/div>\n\t\t\t\t\t<\/div>\n\t\t<\/div>\n\t\t\t\t\t<\/div>\n\t\t<\/section>\n\t\t\t\t<section class=\"elementor-section elementor-top-section elementor-element elementor-element-2461dd5 elementor-section-boxed elementor-section-height-default elementor-section-height-default\" data-id=\"2461dd5\" data-element_type=\"section\" data-e-type=\"section\">\n\t\t\t\t\t\t<div class=\"elementor-container elementor-column-gap-default\">\n\t\t\t\t\t<div class=\"elementor-column elementor-col-33 elementor-top-column elementor-element elementor-element-63239db\" data-id=\"63239db\" data-element_type=\"column\" data-e-type=\"column\">\n\t\t\t<div class=\"elementor-widget-wrap\">\n\t\t\t\t\t\t\t<\/div>\n\t\t<\/div>\n\t\t\t\t<div class=\"elementor-column elementor-col-33 elementor-top-column elementor-element elementor-element-10640d2\" data-id=\"10640d2\" data-element_type=\"column\" data-e-type=\"column\">\n\t\t\t<div class=\"elementor-widget-wrap elementor-element-populated\">\n\t\t\t\t\t\t\t<\/div>\n\t\t<\/div>\n\t\t\t\t<div class=\"elementor-column elementor-col-33 elementor-top-column elementor-element elementor-element-bac1473\" data-id=\"bac1473\" data-element_type=\"column\" data-e-type=\"column\">\n\t\t\t<div class=\"elementor-widget-wrap\">\n\t\t\t\t\t\t\t<\/div>\n\t\t<\/div>\n\t\t\t\t\t<\/div>\n\t\t<\/section>\n\t\t\t\t<\/div>\n\t\t","protected":false},"excerpt":{"rendered":"<p>REJESTRACJA \u00a0 Rejestruj\u0105c si\u0119 wyra\u017casz zgod\u0119 na: a) Otrzymywanie informacji handlowych b) Korzystaj\u0105c z serwisu www i funkcji udost\u0119pnionych przez Operatora U\u017cytkownik wyra\u017ca zgod\u0119 na [&hellip;]<\/p>\n","protected":false},"author":1,"featured_media":0,"parent":0,"menu_order":0,"comment_status":"closed","ping_status":"closed","template":"elementor_header_footer","meta":{"footnotes":""},"class_list":["post-584","page","type-page","status-publish","hentry"],"_links":{"self":[{"href":"https:\/\/floratop.pl\/index.php?rest_route=\/wp\/v2\/pages\/584","targetHints":{"allow":["GET"]}}],"collection":[{"href":"https:\/\/floratop.pl\/index.php?rest_route=\/wp\/v2\/pages"}],"about":[{"href":"https:\/\/floratop.pl\/index.php?rest_route=\/wp\/v2\/types\/page"}],"author":[{"embeddable":true,"href":"https:\/\/floratop.pl\/index.php?rest_route=\/wp\/v2\/users\/1"}],"replies":[{"embeddable":true,"href":"https:\/\/floratop.pl\/index.php?rest_route=%2Fwp%2Fv2%2Fcomments&post=584"}],"version-history":[{"count":16,"href":"https:\/\/floratop.pl\/index.php?rest_route=\/wp\/v2\/pages\/584\/revisions"}],"predecessor-version":[{"id":605,"href":"https:\/\/floratop.pl\/index.php?rest_route=\/wp\/v2\/pages\/584\/revisions\/605"}],"wp:attachment":[{"href":"https:\/\/floratop.pl\/index.php?rest_route=%2Fwp%2Fv2%2Fmedia&parent=584"}],"curies":[{"name":"wp","href":"https:\/\/api.w.org\/{rel}","templated":true}]}}