{"id":38,"date":"2021-02-19T20:11:09","date_gmt":"2021-02-19T19:11:09","guid":{"rendered":"http:\/\/floratop.pl\/?page_id=38"},"modified":"2025-10-21T20:00:17","modified_gmt":"2025-10-21T18:00:17","slug":"kontakt-2","status":"publish","type":"page","link":"https:\/\/floratop.pl\/?page_id=38&lang=en","title":{"rendered":"Kontakt"},"content":{"rendered":"\t\t<div data-elementor-type=\"wp-page\" data-elementor-id=\"38\" class=\"elementor elementor-38\" data-elementor-post-type=\"page\">\n\t\t\t\t\t\t<section class=\"elementor-section elementor-top-section elementor-element elementor-element-4aaed48 elementor-section-boxed elementor-section-height-default elementor-section-height-default\" data-id=\"4aaed48\" data-element_type=\"section\" data-e-type=\"section\">\n\t\t\t\t\t\t<div class=\"elementor-container elementor-column-gap-default\">\n\t\t\t\t\t<div class=\"elementor-column elementor-col-100 elementor-top-column elementor-element elementor-element-c75dad7\" data-id=\"c75dad7\" data-element_type=\"column\" data-e-type=\"column\">\n\t\t\t<div class=\"elementor-widget-wrap elementor-element-populated\">\n\t\t\t\t\t\t<div class=\"elementor-element elementor-element-12d450e elementor-widget elementor-widget-text-editor\" data-id=\"12d450e\" data-element_type=\"widget\" data-e-type=\"widget\" data-widget_type=\"text-editor.default\">\n\t\t\t\t<div class=\"elementor-widget-container\">\n\t\t\t\t\t\t\t\t\t<div>Kontakt.<\/div><div>Gospodarstwo Rolne\u00a0<\/div><div>Przemys\u0142aw Rybus<\/div><div>Lgota G\u00f3rna ul. Nadrzeczna 1<\/div><div>42-350 Kozieg\u0142owy<\/div><div>\u00a0<\/div><div>Tel. 605 388 475<\/div><div>Email: <a href=\"mailto:floratophurt@gmail.com\" rel=\"noreferrer\">floratophurt@gmail.com<\/a><\/div><div>\u00a0<\/div><div>Preferujemy kontakt telefoniczny.<\/div><h2>\u00a0<\/h2>\t\t\t\t\t\t\t\t<\/div>\n\t\t\t\t<\/div>\n\t\t\t\t\t<\/div>\n\t\t<\/div>\n\t\t\t\t\t<\/div>\n\t\t<\/section>\n\t\t\t\t<section class=\"elementor-section elementor-top-section elementor-element elementor-element-97668d0 elementor-section-boxed elementor-section-height-default elementor-section-height-default\" data-id=\"97668d0\" data-element_type=\"section\" data-e-type=\"section\">\n\t\t\t\t\t\t<div class=\"elementor-container elementor-column-gap-default\">\n\t\t\t\t\t<div class=\"elementor-column elementor-col-66 elementor-top-column elementor-element elementor-element-b5aa571\" data-id=\"b5aa571\" data-element_type=\"column\" data-e-type=\"column\">\n\t\t\t<div class=\"elementor-widget-wrap elementor-element-populated\">\n\t\t\t\t\t\t\t<\/div>\n\t\t<\/div>\n\t\t\t\t<div class=\"elementor-column elementor-col-33 elementor-top-column elementor-element elementor-element-93e73e1\" data-id=\"93e73e1\" data-element_type=\"column\" data-e-type=\"column\">\n\t\t\t<div class=\"elementor-widget-wrap elementor-element-populated\">\n\t\t\t\t\t\t\t<\/div>\n\t\t<\/div>\n\t\t\t\t\t<\/div>\n\t\t<\/section>\n\t\t\t\t<\/div>\n\t\t","protected":false},"excerpt":{"rendered":"<p>Kontakt.Gospodarstwo Rolne\u00a0Przemys\u0142aw RybusLgota G\u00f3rna ul. Nadrzeczna 142-350 Kozieg\u0142owy\u00a0Tel. 605 388 475Email: floratophurt@gmail.com\u00a0Preferujemy kontakt telefoniczny. \u00a0<\/p>\n","protected":false},"author":1,"featured_media":0,"parent":0,"menu_order":0,"comment_status":"closed","ping_status":"closed","template":"","meta":{"footnotes":""},"class_list":["post-38","page","type-page","status-publish","hentry"],"_links":{"self":[{"href":"https:\/\/floratop.pl\/index.php?rest_route=\/wp\/v2\/pages\/38","targetHints":{"allow":["GET"]}}],"collection":[{"href":"https:\/\/floratop.pl\/index.php?rest_route=\/wp\/v2\/pages"}],"about":[{"href":"https:\/\/floratop.pl\/index.php?rest_route=\/wp\/v2\/types\/page"}],"author":[{"embeddable":true,"href":"https:\/\/floratop.pl\/index.php?rest_route=\/wp\/v2\/users\/1"}],"replies":[{"embeddable":true,"href":"https:\/\/floratop.pl\/index.php?rest_route=%2Fwp%2Fv2%2Fcomments&post=38"}],"version-history":[{"count":42,"href":"https:\/\/floratop.pl\/index.php?rest_route=\/wp\/v2\/pages\/38\/revisions"}],"predecessor-version":[{"id":835,"href":"https:\/\/floratop.pl\/index.php?rest_route=\/wp\/v2\/pages\/38\/revisions\/835"}],"wp:attachment":[{"href":"https:\/\/floratop.pl\/index.php?rest_route=%2Fwp%2Fv2%2Fmedia&parent=38"}],"curies":[{"name":"wp","href":"https:\/\/api.w.org\/{rel}","templated":true}]}}