{"id":349,"date":"2022-01-10T13:23:56","date_gmt":"2022-01-10T12:23:56","guid":{"rendered":"http:\/\/floratop.pl\/?page_id=349"},"modified":"2022-01-10T13:31:48","modified_gmt":"2022-01-10T12:31:48","slug":"callistemon-citrinus","status":"publish","type":"page","link":"https:\/\/floratop.pl\/?page_id=349&lang=en","title":{"rendered":"Callistemon citrinus"},"content":{"rendered":"\t\t<div data-elementor-type=\"wp-page\" data-elementor-id=\"349\" class=\"elementor elementor-349\" data-elementor-post-type=\"page\">\n\t\t\t\t\t\t<section class=\"elementor-section elementor-top-section elementor-element elementor-element-e1395b6 elementor-section-boxed elementor-section-height-default elementor-section-height-default\" data-id=\"e1395b6\" data-element_type=\"section\" data-e-type=\"section\">\n\t\t\t\t\t\t<div class=\"elementor-container elementor-column-gap-default\">\n\t\t\t\t\t<div class=\"elementor-column elementor-col-50 elementor-top-column elementor-element elementor-element-550fa5f\" data-id=\"550fa5f\" data-element_type=\"column\" data-e-type=\"column\">\n\t\t\t<div class=\"elementor-widget-wrap elementor-element-populated\">\n\t\t\t\t\t\t<div class=\"elementor-element elementor-element-a48783e elementor-widget elementor-widget-text-editor\" data-id=\"a48783e\" data-element_type=\"widget\" data-e-type=\"widget\" data-widget_type=\"text-editor.default\">\n\t\t\t\t<div class=\"elementor-widget-container\">\n\t\t\t\t\t\t\t\t\t<p><b>Callistemon citrinus <br \/><\/b><\/p>\t\t\t\t\t\t\t\t<\/div>\n\t\t\t\t<\/div>\n\t\t\t\t\t<\/div>\n\t\t<\/div>\n\t\t\t\t<div class=\"elementor-column elementor-col-50 elementor-top-column elementor-element elementor-element-ae67584\" data-id=\"ae67584\" data-element_type=\"column\" data-e-type=\"column\">\n\t\t\t<div class=\"elementor-widget-wrap elementor-element-populated\">\n\t\t\t\t\t\t<div class=\"elementor-element elementor-element-a418f11 elementor-widget elementor-widget-image\" data-id=\"a418f11\" data-element_type=\"widget\" data-e-type=\"widget\" data-widget_type=\"image.default\">\n\t\t\t\t<div class=\"elementor-widget-container\">\n\t\t\t\t\t\t\t\t\t\t\t\t\t\t\t<img fetchpriority=\"high\" decoding=\"async\" width=\"640\" height=\"469\" src=\"https:\/\/floratop.pl\/wp-content\/uploads\/2022\/01\/2-Kopiowanie-1-1024x750.jpg\" class=\"attachment-large size-large wp-image-354\" alt=\"\" srcset=\"https:\/\/floratop.pl\/wp-content\/uploads\/2022\/01\/2-Kopiowanie-1-1024x750.jpg 1024w, https:\/\/floratop.pl\/wp-content\/uploads\/2022\/01\/2-Kopiowanie-1-300x220.jpg 300w, https:\/\/floratop.pl\/wp-content\/uploads\/2022\/01\/2-Kopiowanie-1-768x563.jpg 768w, https:\/\/floratop.pl\/wp-content\/uploads\/2022\/01\/2-Kopiowanie-1-600x440.jpg 600w, https:\/\/floratop.pl\/wp-content\/uploads\/2022\/01\/2-Kopiowanie-1-64x47.jpg 64w, https:\/\/floratop.pl\/wp-content\/uploads\/2022\/01\/2-Kopiowanie-1.jpg 1433w\" sizes=\"(max-width: 640px) 100vw, 640px\" \/>\t\t\t\t\t\t\t\t\t\t\t\t\t\t\t<\/div>\n\t\t\t\t<\/div>\n\t\t\t\t\t<\/div>\n\t\t<\/div>\n\t\t\t\t\t<\/div>\n\t\t<\/section>\n\t\t\t\t<section class=\"elementor-section elementor-top-section elementor-element elementor-element-6a556cf elementor-section-boxed elementor-section-height-default elementor-section-height-default\" data-id=\"6a556cf\" data-element_type=\"section\" data-e-type=\"section\">\n\t\t\t\t\t\t<div class=\"elementor-container elementor-column-gap-default\">\n\t\t\t\t\t<div class=\"elementor-column elementor-col-50 elementor-top-column elementor-element elementor-element-b0b9ff9\" data-id=\"b0b9ff9\" data-element_type=\"column\" data-e-type=\"column\">\n\t\t\t<div class=\"elementor-widget-wrap elementor-element-populated\">\n\t\t\t\t\t\t<div class=\"elementor-element elementor-element-94a5848 elementor-widget elementor-widget-image\" data-id=\"94a5848\" data-element_type=\"widget\" data-e-type=\"widget\" data-widget_type=\"image.default\">\n\t\t\t\t<div class=\"elementor-widget-container\">\n\t\t\t\t\t\t\t\t\t\t\t\t\t\t\t<img decoding=\"async\" width=\"640\" height=\"640\" src=\"https:\/\/floratop.pl\/wp-content\/uploads\/2022\/01\/5k-Kopiowanie-1024x1024.jpg\" class=\"attachment-large size-large wp-image-355\" alt=\"\" srcset=\"https:\/\/floratop.pl\/wp-content\/uploads\/2022\/01\/5k-Kopiowanie-1024x1024.jpg 1024w, https:\/\/floratop.pl\/wp-content\/uploads\/2022\/01\/5k-Kopiowanie-300x300.jpg 300w, https:\/\/floratop.pl\/wp-content\/uploads\/2022\/01\/5k-Kopiowanie-150x150.jpg 150w, https:\/\/floratop.pl\/wp-content\/uploads\/2022\/01\/5k-Kopiowanie-768x768.jpg 768w, https:\/\/floratop.pl\/wp-content\/uploads\/2022\/01\/5k-Kopiowanie-600x600.jpg 600w, https:\/\/floratop.pl\/wp-content\/uploads\/2022\/01\/5k-Kopiowanie-100x100.jpg 100w, https:\/\/floratop.pl\/wp-content\/uploads\/2022\/01\/5k-Kopiowanie-64x64.jpg 64w, https:\/\/floratop.pl\/wp-content\/uploads\/2022\/01\/5k-Kopiowanie.jpg 1050w\" sizes=\"(max-width: 640px) 100vw, 640px\" \/>\t\t\t\t\t\t\t\t\t\t\t\t\t\t\t<\/div>\n\t\t\t\t<\/div>\n\t\t\t\t\t<\/div>\n\t\t<\/div>\n\t\t\t\t<div class=\"elementor-column elementor-col-50 elementor-top-column elementor-element elementor-element-ac81a2b\" data-id=\"ac81a2b\" data-element_type=\"column\" data-e-type=\"column\">\n\t\t\t<div class=\"elementor-widget-wrap elementor-element-populated\">\n\t\t\t\t\t\t<div class=\"elementor-element elementor-element-0badfe4 elementor-widget elementor-widget-text-editor\" data-id=\"0badfe4\" data-element_type=\"widget\" data-e-type=\"widget\" data-widget_type=\"text-editor.default\">\n\t\t\t\t<div class=\"elementor-widget-container\">\n\t\t\t\t\t\t\t\t\t<p>Callistemon citrinus &#8211; Kuflik cytrynowy to egzotyczny krzew li\u015bciasty o oryginalnych, ognisto czerwonych, przypominaj\u0105cych szczotki do butelek kwiatostanach. Pochodzi z Australii. Dorasta do oko\u0142o 150-200 cm wys.<\/p>\t\t\t\t\t\t\t\t<\/div>\n\t\t\t\t<\/div>\n\t\t\t\t\t<\/div>\n\t\t<\/div>\n\t\t\t\t\t<\/div>\n\t\t<\/section>\n\t\t\t\t<\/div>\n\t\t","protected":false},"excerpt":{"rendered":"<p>Callistemon citrinus Callistemon citrinus &#8211; Kuflik cytrynowy to egzotyczny krzew li\u015bciasty o oryginalnych, ognisto czerwonych, przypominaj\u0105cych szczotki do butelek kwiatostanach. Pochodzi z Australii. Dorasta do [&hellip;]<\/p>\n","protected":false},"author":1,"featured_media":0,"parent":83,"menu_order":0,"comment_status":"closed","ping_status":"closed","template":"elementor_header_footer","meta":{"footnotes":""},"class_list":["post-349","page","type-page","status-publish","hentry"],"_links":{"self":[{"href":"https:\/\/floratop.pl\/index.php?rest_route=\/wp\/v2\/pages\/349","targetHints":{"allow":["GET"]}}],"collection":[{"href":"https:\/\/floratop.pl\/index.php?rest_route=\/wp\/v2\/pages"}],"about":[{"href":"https:\/\/floratop.pl\/index.php?rest_route=\/wp\/v2\/types\/page"}],"author":[{"embeddable":true,"href":"https:\/\/floratop.pl\/index.php?rest_route=\/wp\/v2\/users\/1"}],"replies":[{"embeddable":true,"href":"https:\/\/floratop.pl\/index.php?rest_route=%2Fwp%2Fv2%2Fcomments&post=349"}],"version-history":[{"count":7,"href":"https:\/\/floratop.pl\/index.php?rest_route=\/wp\/v2\/pages\/349\/revisions"}],"predecessor-version":[{"id":358,"href":"https:\/\/floratop.pl\/index.php?rest_route=\/wp\/v2\/pages\/349\/revisions\/358"}],"up":[{"embeddable":true,"href":"https:\/\/floratop.pl\/index.php?rest_route=\/wp\/v2\/pages\/83"}],"wp:attachment":[{"href":"https:\/\/floratop.pl\/index.php?rest_route=%2Fwp%2Fv2%2Fmedia&parent=349"}],"curies":[{"name":"wp","href":"https:\/\/api.w.org\/{rel}","templated":true}]}}