{"id":34,"date":"2021-02-19T20:10:20","date_gmt":"2021-02-19T19:10:20","guid":{"rendered":"http:\/\/floratop.pl\/?page_id=34"},"modified":"2026-02-01T13:16:49","modified_gmt":"2026-02-01T12:16:49","slug":"warunki-sprzedazy","status":"publish","type":"page","link":"https:\/\/floratop.pl\/?page_id=34&lang=en","title":{"rendered":"Warunki sprzeda\u017cy"},"content":{"rendered":"\t\t<div data-elementor-type=\"wp-page\" data-elementor-id=\"34\" class=\"elementor elementor-34\" data-elementor-post-type=\"page\">\n\t\t\t\t\t\t<section class=\"elementor-section elementor-top-section elementor-element elementor-element-2b3bea8 elementor-section-boxed elementor-section-height-default elementor-section-height-default\" data-id=\"2b3bea8\" data-element_type=\"section\" data-e-type=\"section\">\n\t\t\t\t\t\t<div class=\"elementor-container elementor-column-gap-default\">\n\t\t\t\t\t<div class=\"elementor-column elementor-col-100 elementor-top-column elementor-element elementor-element-87ec0af\" data-id=\"87ec0af\" data-element_type=\"column\" data-e-type=\"column\">\n\t\t\t<div class=\"elementor-widget-wrap elementor-element-populated\">\n\t\t\t\t\t\t<div class=\"elementor-element elementor-element-3925185 elementor-widget elementor-widget-text-editor\" data-id=\"3925185\" data-element_type=\"widget\" data-e-type=\"widget\" data-widget_type=\"text-editor.default\">\n\t\t\t\t<div class=\"elementor-widget-container\">\n\t\t\t\t\t\t\t\t\t<div class=\"v1align-center\"><b>Warunki sprzeda\u017cy hurtowej.<\/b><\/div><div class=\"v1align-left\">1. Zam\u00f3wienia.<\/div><div class=\"v1align-left\">Zam\u00f3wienia prosimy sk\u0142ada\u0107 poprzez e-mail lub telefonicznie.<\/div><div class=\"v1align-left\">\u00a0<\/div><div class=\"v1align-left\">2. Ceny hurtowe.<\/div><div class=\"v1align-left\">Ceny hurtowe obowi\u0105zuj\u0105 przy zam\u00f3wieniach nie mniejszych ni\u017c ;<\/div><div class=\"v1align-left\">&#8211; przy doniczce P9 minimum 100 szt przy ca\u0142kowitej warto\u015bci zam\u00f3wienia powy\u017cej 2000 z\u0142<\/div><div class=\"v1align-left\">&#8211; przy doniczce P13 lub C2 minimum 50 szt przy ca\u0142kowitej\u00a0 warto\u015bci zam\u00f3wienia powy\u017cej 2000 z\u0142.<\/div><div class=\"v1align-left\">\u00a0<\/div><div class=\"v1align-left\">3. P\u0142atno\u015bci.<\/div><div class=\"v1align-left\">Nowy klient przy hurtowym zam\u00f3wieniu ro\u015blin reguluje nale\u017cno\u015b\u0107 przedp\u0142at\u0105 lub got\u00f3wk\u0105 przy odbiorze towaru. Stali klienci ( kupuj\u0105cy d\u0142u\u017cej ni\u017c rok) maj\u0105 mo\u017cliwo\u015b\u0107 p\u0142atno\u015bci z odroczonym terminem.<\/div><div class=\"v1align-left\">\u00a0<\/div><div class=\"v1align-left\">4.\u00a0 W przypadku zakupu poni\u017cej 2000 z\u0142 transakcja jest traktowana jako detaliczna i tym samym nale\u017cny doliczy\u0107 do cen hurtowych 30%.<\/div><div class=\"v1align-left\">\u00a0<\/div><div class=\"v1align-left\">5. Transport.<\/div><div class=\"v1align-left\">\u00a0<\/div><div class=\"v1align-left\">Transport jest mo\u017cliwy w dowolne miejsce w Polsce za dodatkow\u0105 op\u0142at\u0105. Warunki transportu pozostaj\u0105 do indywidualnego ustalenia z klientem.<\/div><div class=\"v1align-left\">\u00a0<\/div><div class=\"v1align-left\">6. Sprzeda\u017c hurtowa w sezonie odbywa si\u0119 od poniedzia\u0142ku do pi\u0105tku w godzinach od 8 do 16\u00a0 (opr\u00f3cz \u015bwi\u0105t.)<\/div><div class=\"v1align-left\">\u00a0<\/div><div class=\"v1align-left\">7. Za skrzynki oraz paletki transportowe pobieramy op\u0142at\u0119 lub kaucje podlegaj\u0105c\u0105 zwrotowi.<\/div><div class=\"v1align-left\">\u00a0<\/div><div class=\"v1align-left\">8. Jeste\u015bmy p\u0142atnikiem VAT.<\/div><div>Podawane przez nas ceny s\u0105 cenami netto (do cen netto nale\u017cy doliczy\u0107 podatek VAT w wysoko\u015bci 8 %).\u00a0<\/div>\t\t\t\t\t\t\t\t<\/div>\n\t\t\t\t<\/div>\n\t\t\t\t\t<\/div>\n\t\t<\/div>\n\t\t\t\t\t<\/div>\n\t\t<\/section>\n\t\t\t\t<\/div>\n\t\t","protected":false},"excerpt":{"rendered":"<p>Warunki sprzeda\u017cy hurtowej.1. Zam\u00f3wienia.Zam\u00f3wienia prosimy sk\u0142ada\u0107 poprzez e-mail lub telefonicznie.\u00a02. Ceny hurtowe.Ceny hurtowe obowi\u0105zuj\u0105 przy zam\u00f3wieniach nie mniejszych ni\u017c ;- przy doniczce P9 minimum 100 [&hellip;]<\/p>\n","protected":false},"author":1,"featured_media":0,"parent":0,"menu_order":0,"comment_status":"closed","ping_status":"closed","template":"","meta":{"footnotes":""},"class_list":["post-34","page","type-page","status-publish","hentry"],"_links":{"self":[{"href":"https:\/\/floratop.pl\/index.php?rest_route=\/wp\/v2\/pages\/34","targetHints":{"allow":["GET"]}}],"collection":[{"href":"https:\/\/floratop.pl\/index.php?rest_route=\/wp\/v2\/pages"}],"about":[{"href":"https:\/\/floratop.pl\/index.php?rest_route=\/wp\/v2\/types\/page"}],"author":[{"embeddable":true,"href":"https:\/\/floratop.pl\/index.php?rest_route=\/wp\/v2\/users\/1"}],"replies":[{"embeddable":true,"href":"https:\/\/floratop.pl\/index.php?rest_route=%2Fwp%2Fv2%2Fcomments&post=34"}],"version-history":[{"count":19,"href":"https:\/\/floratop.pl\/index.php?rest_route=\/wp\/v2\/pages\/34\/revisions"}],"predecessor-version":[{"id":865,"href":"https:\/\/floratop.pl\/index.php?rest_route=\/wp\/v2\/pages\/34\/revisions\/865"}],"wp:attachment":[{"href":"https:\/\/floratop.pl\/index.php?rest_route=%2Fwp%2Fv2%2Fmedia&parent=34"}],"curies":[{"name":"wp","href":"https:\/\/api.w.org\/{rel}","templated":true}]}}