{"id":318,"date":"2022-01-10T12:15:15","date_gmt":"2022-01-10T11:15:15","guid":{"rendered":"http:\/\/floratop.pl\/?page_id=318"},"modified":"2022-01-10T12:50:29","modified_gmt":"2022-01-10T11:50:29","slug":"solanum-rantonnetii","status":"publish","type":"page","link":"https:\/\/floratop.pl\/?page_id=318&lang=en","title":{"rendered":"Solanum rantonnetii"},"content":{"rendered":"\t\t<div data-elementor-type=\"wp-page\" data-elementor-id=\"318\" class=\"elementor elementor-318\" data-elementor-post-type=\"page\">\n\t\t\t\t\t\t<section class=\"elementor-section elementor-top-section elementor-element elementor-element-56eeb0f elementor-section-boxed elementor-section-height-default elementor-section-height-default\" data-id=\"56eeb0f\" data-element_type=\"section\" data-e-type=\"section\">\n\t\t\t\t\t\t<div class=\"elementor-container elementor-column-gap-default\">\n\t\t\t\t\t<div class=\"elementor-column elementor-col-50 elementor-top-column elementor-element elementor-element-15aa0f1\" data-id=\"15aa0f1\" data-element_type=\"column\" data-e-type=\"column\">\n\t\t\t<div class=\"elementor-widget-wrap elementor-element-populated\">\n\t\t\t\t\t\t<div class=\"elementor-element elementor-element-b3227c9 elementor-widget elementor-widget-text-editor\" data-id=\"b3227c9\" data-element_type=\"widget\" data-e-type=\"widget\" data-widget_type=\"text-editor.default\">\n\t\t\t\t<div class=\"elementor-widget-container\">\n\t\t\t\t\t\t\t\t\t<p>Solanum ranttonetii.<\/p>\t\t\t\t\t\t\t\t<\/div>\n\t\t\t\t<\/div>\n\t\t\t\t\t<\/div>\n\t\t<\/div>\n\t\t\t\t<div class=\"elementor-column elementor-col-50 elementor-top-column elementor-element elementor-element-3d6c40d\" data-id=\"3d6c40d\" data-element_type=\"column\" data-e-type=\"column\">\n\t\t\t<div class=\"elementor-widget-wrap elementor-element-populated\">\n\t\t\t\t\t\t<div class=\"elementor-element elementor-element-b0e0dcc elementor-widget elementor-widget-image\" data-id=\"b0e0dcc\" data-element_type=\"widget\" data-e-type=\"widget\" data-widget_type=\"image.default\">\n\t\t\t\t<div class=\"elementor-widget-container\">\n\t\t\t\t\t\t\t\t\t\t\t\t\t\t\t<img fetchpriority=\"high\" decoding=\"async\" width=\"640\" height=\"640\" src=\"https:\/\/floratop.pl\/wp-content\/uploads\/2022\/01\/1-Kopiowanie.jpg\" class=\"attachment-large size-large wp-image-321\" alt=\"\" srcset=\"https:\/\/floratop.pl\/wp-content\/uploads\/2022\/01\/1-Kopiowanie.jpg 1024w, https:\/\/floratop.pl\/wp-content\/uploads\/2022\/01\/1-Kopiowanie-300x300.jpg 300w, https:\/\/floratop.pl\/wp-content\/uploads\/2022\/01\/1-Kopiowanie-150x150.jpg 150w, https:\/\/floratop.pl\/wp-content\/uploads\/2022\/01\/1-Kopiowanie-768x768.jpg 768w, https:\/\/floratop.pl\/wp-content\/uploads\/2022\/01\/1-Kopiowanie-600x600.jpg 600w, https:\/\/floratop.pl\/wp-content\/uploads\/2022\/01\/1-Kopiowanie-100x100.jpg 100w, https:\/\/floratop.pl\/wp-content\/uploads\/2022\/01\/1-Kopiowanie-64x64.jpg 64w\" sizes=\"(max-width: 640px) 100vw, 640px\" \/>\t\t\t\t\t\t\t\t\t\t\t\t\t\t\t<\/div>\n\t\t\t\t<\/div>\n\t\t\t\t\t<\/div>\n\t\t<\/div>\n\t\t\t\t\t<\/div>\n\t\t<\/section>\n\t\t\t\t<section class=\"elementor-section elementor-top-section elementor-element elementor-element-5b9e02e elementor-section-boxed elementor-section-height-default elementor-section-height-default\" data-id=\"5b9e02e\" data-element_type=\"section\" data-e-type=\"section\">\n\t\t\t\t\t\t<div class=\"elementor-container elementor-column-gap-default\">\n\t\t\t\t\t<div class=\"elementor-column elementor-col-50 elementor-top-column elementor-element elementor-element-281f25b\" data-id=\"281f25b\" data-element_type=\"column\" data-e-type=\"column\">\n\t\t\t<div class=\"elementor-widget-wrap elementor-element-populated\">\n\t\t\t\t\t\t<div class=\"elementor-element elementor-element-3b67e15 elementor-widget elementor-widget-image\" data-id=\"3b67e15\" data-element_type=\"widget\" data-e-type=\"widget\" data-widget_type=\"image.default\">\n\t\t\t\t<div class=\"elementor-widget-container\">\n\t\t\t\t\t\t\t\t\t\t\t\t\t\t\t<img decoding=\"async\" width=\"640\" height=\"640\" src=\"https:\/\/floratop.pl\/wp-content\/uploads\/2022\/01\/F4-Kopiowanie-1024x1024.png\" class=\"attachment-large size-large wp-image-322\" alt=\"\" srcset=\"https:\/\/floratop.pl\/wp-content\/uploads\/2022\/01\/F4-Kopiowanie-1024x1024.png 1024w, https:\/\/floratop.pl\/wp-content\/uploads\/2022\/01\/F4-Kopiowanie-300x300.png 300w, https:\/\/floratop.pl\/wp-content\/uploads\/2022\/01\/F4-Kopiowanie-150x150.png 150w, https:\/\/floratop.pl\/wp-content\/uploads\/2022\/01\/F4-Kopiowanie-768x768.png 768w, https:\/\/floratop.pl\/wp-content\/uploads\/2022\/01\/F4-Kopiowanie-600x600.png 600w, https:\/\/floratop.pl\/wp-content\/uploads\/2022\/01\/F4-Kopiowanie-100x100.png 100w, https:\/\/floratop.pl\/wp-content\/uploads\/2022\/01\/F4-Kopiowanie-64x64.png 64w, https:\/\/floratop.pl\/wp-content\/uploads\/2022\/01\/F4-Kopiowanie.png 1050w\" sizes=\"(max-width: 640px) 100vw, 640px\" \/>\t\t\t\t\t\t\t\t\t\t\t\t\t\t\t<\/div>\n\t\t\t\t<\/div>\n\t\t\t\t\t<\/div>\n\t\t<\/div>\n\t\t\t\t<div class=\"elementor-column elementor-col-50 elementor-top-column elementor-element elementor-element-a764a9f\" data-id=\"a764a9f\" data-element_type=\"column\" data-e-type=\"column\">\n\t\t\t<div class=\"elementor-widget-wrap elementor-element-populated\">\n\t\t\t\t\t\t<div class=\"elementor-element elementor-element-d4f42e7 elementor-widget elementor-widget-text-editor\" data-id=\"d4f42e7\" data-element_type=\"widget\" data-e-type=\"widget\" data-widget_type=\"text-editor.default\">\n\t\t\t\t<div class=\"elementor-widget-container\">\n\t\t\t\t\t\t\t\t\t<p>Solanum ranttonetii to oryginalny, egzotyczny krzew li\u015bciasty nazywany &#8222;Szafirow\u0105 burz\u0105&#8221; o szafirowo-fioletowych\u00a0 kwiatach z \u017c\u00f3\u0142tym oczkiem pochodz\u0105cy z Ameryki Pd. Dorasta do oko\u0142o 150-200 cm wys.<\/p>\t\t\t\t\t\t\t\t<\/div>\n\t\t\t\t<\/div>\n\t\t\t\t\t<\/div>\n\t\t<\/div>\n\t\t\t\t\t<\/div>\n\t\t<\/section>\n\t\t\t\t<\/div>\n\t\t","protected":false},"excerpt":{"rendered":"<p>Solanum ranttonetii. Solanum ranttonetii to oryginalny, egzotyczny krzew li\u015bciasty nazywany &#8222;Szafirow\u0105 burz\u0105&#8221; o szafirowo-fioletowych\u00a0 kwiatach z \u017c\u00f3\u0142tym oczkiem pochodz\u0105cy z Ameryki Pd. Dorasta do oko\u0142o [&hellip;]<\/p>\n","protected":false},"author":1,"featured_media":0,"parent":83,"menu_order":0,"comment_status":"closed","ping_status":"closed","template":"elementor_header_footer","meta":{"footnotes":""},"class_list":["post-318","page","type-page","status-publish","hentry"],"_links":{"self":[{"href":"https:\/\/floratop.pl\/index.php?rest_route=\/wp\/v2\/pages\/318","targetHints":{"allow":["GET"]}}],"collection":[{"href":"https:\/\/floratop.pl\/index.php?rest_route=\/wp\/v2\/pages"}],"about":[{"href":"https:\/\/floratop.pl\/index.php?rest_route=\/wp\/v2\/types\/page"}],"author":[{"embeddable":true,"href":"https:\/\/floratop.pl\/index.php?rest_route=\/wp\/v2\/users\/1"}],"replies":[{"embeddable":true,"href":"https:\/\/floratop.pl\/index.php?rest_route=%2Fwp%2Fv2%2Fcomments&post=318"}],"version-history":[{"count":10,"href":"https:\/\/floratop.pl\/index.php?rest_route=\/wp\/v2\/pages\/318\/revisions"}],"predecessor-version":[{"id":332,"href":"https:\/\/floratop.pl\/index.php?rest_route=\/wp\/v2\/pages\/318\/revisions\/332"}],"up":[{"embeddable":true,"href":"https:\/\/floratop.pl\/index.php?rest_route=\/wp\/v2\/pages\/83"}],"wp:attachment":[{"href":"https:\/\/floratop.pl\/index.php?rest_route=%2Fwp%2Fv2%2Fmedia&parent=318"}],"curies":[{"name":"wp","href":"https:\/\/api.w.org\/{rel}","templated":true}]}}